{"id":3241,"date":"2022-06-29T13:06:56","date_gmt":"2022-06-29T10:06:56","guid":{"rendered":"https:\/\/scarshelper.com\/was-muss-ich-vor-dem-erwerb-einer-silikonplatte-bzw-eines-silikongels-fuer-narbenbehandlung-wissen\/"},"modified":"2022-06-29T13:06:56","modified_gmt":"2022-06-29T10:06:56","slug":"was-muss-ich-vor-dem-erwerb-einer-silikonplatte-bzw-eines-silikongels-fuer-narbenbehandlung-wissen","status":"publish","type":"page","link":"https:\/\/scarshelper.com\/de\/was-muss-ich-vor-dem-erwerb-einer-silikonplatte-bzw-eines-silikongels-fuer-narbenbehandlung-wissen\/","title":{"rendered":"Was muss ich vor dem Erwerb einer Silikonplatte bzw. eines Silikongels f\u00fcr Narbenbehandlung wissen"},"content":{"rendered":"<div class=\"wpb-content-wrapper\"><p>[vc_row][vc_column 0=&#8220;&#8220;][vc_column_text]<\/p>\n<h2 class=\"tm5 tm6\" style=\"text-align: center;\"><strong><span class=\"tm7\">Was muss ich vor dem Erwerb einer Silikonplatte bzw. eines Silikongels f\u00fcr Narbenbehandlung wissen\u00a0<\/span><\/strong><\/h2>\n<p class=\"a______ tm5 tm6\"><span class=\"tm7\">Silikonpflaster f\u00fcr Narben sowie Silikongel sind ziemlich teuer. Den einen helfen sie, den anderen nicht. Was m\u00fcssen Sie vor dem Kauf eines Silikonpflasters bzw. eines Narbengels wissen? In welchen F\u00e4llen kann der Kauf eines Gels oder Pflasters nur zur Geldverschwendung f\u00fchren? Um das richtige Silikonpflaster oder -gel auszuw\u00e4hlen, m\u00fcssen Sie verstehen, wie es auf Narben wirkt. Dies wird hier weiter unten besprochen&#8230;<\/span><\/p>\n<p class=\"a______ tm5 tm8\"><span class=\"tm7\">Die Hauptmarken von Silikonplatten, die in diesem Marktsegment pr\u00e4sentiert werden, sind \u201eMepiform&#8220; <strong><em>(Abb. 1)<\/em><\/strong>, \u201eCica Care&#8220; <strong><em>(Abb. 2)<\/em><\/strong>, \u201eScar Fx&#8220; <strong><em>(Abb. 3)<\/em><\/strong>.<\/span><\/p>\n<p>[\/vc_column_text][vc_column_text 0=&#8220;&#8220;]<\/p>\n<h3 class=\"a______ tm5 tm6\" style=\"text-align: center;\"><span class=\"tm7\">Arten der <\/span>Silikon Narbenpflaster<\/h3>\n<p>[\/vc_column_text][vc_row_inner 0=&#8220;&#8220;][vc_column_inner width=&#8220;1\/3&#8243;][vc_single_image image=&#8220;1949&#8243; img_size=&#8220;medium&#8220; alignment=&#8220;center&#8220; onclick=&#8220;img_link_large&#8220; img_link_target=&#8220;_blank&#8220; title=&#8220;Abb.1. Mepiform&#8220;][\/vc_column_inner][vc_column_inner width=&#8220;1\/3&#8243;][vc_single_image image=&#8220;1950&#8243; img_size=&#8220;medium&#8220; alignment=&#8220;center&#8220; onclick=&#8220;img_link_large&#8220; img_link_target=&#8220;_blank&#8220; title=&#8220;Abb.2. Cica Care&#8220;][\/vc_column_inner][vc_column_inner width=&#8220;1\/3&#8243;][vc_single_image image=&#8220;1951&#8243; img_size=&#8220;medium&#8220; alignment=&#8220;center&#8220; onclick=&#8220;img_link_large&#8220; img_link_target=&#8220;_blank&#8220; title=&#8220;Abb.3. Scar Fx &#8222;][\/vc_column_inner][\/vc_row_inner][vc_column_text el_id=&#8220;mechanismus-wirkung-der-silikon-narbenpflaster_url&#8220;]<\/p>\n<h3 class=\"a______ tm5 tm6\" style=\"text-align: center;\"><span class=\"tm8\">Wie funktioniert ein Silikon Narbenpflaster<\/span><\/h3>\n<p class=\"a______ tm5 tm6\"><span class=\"tm7\">Es wird angenommen, dass der Hauptwirkungsmechanismus des\u00a0<\/span><span class=\"tm8\">Silikon Narbenpflasters <\/span><span class=\"tm7\">die Retention von Wassermolek\u00fclen im Narbengewebe ist. Anders gesagt deckt das Silikonpflaster die Narbe und verhindert Wasserverdunstung von ihrer Oberfl\u00e4che. Durch Befeuchtung der Narbe bewegen sich die Bindegewebszellen schneller, teilen sich und tauschen Informationen durch Wasser freier aus. Als Ergebnis wird eine normotrophe Narbe gebildet. Kollagenfasern in einer solchen Narbe liegen parallel zur Hautoberfl\u00e4che. All dies ist wahr, wenn wir nur \u00fcber Verwendung eines Silikonpflasters bei <\/span><span class=\"tm8\">atrophen <\/span><span class=\"tm7\">oder <\/span><span class=\"tm8\">normotrophen Narben<\/span><span class=\"tm7\"> w\u00e4hrend ihrer Reifung sprechen.<\/span><\/p>\n<p>[\/vc_column_text][\/vc_column][\/vc_row][vc_row 0=&#8220;&#8220;][vc_column 0=&#8220;&#8220;][vc_column_text el_id=&#8220;anwendung-von-mepiform-silikon-narbenpflaster_url&#8220;]<\/p>\n<h3 class=\"a______ tm5 tm6\" style=\"text-align: center;\"><span class=\"tm7\">Anwendung eines Mepiform <span class=\"tm8\">Silikon Narbenpflasters<\/span>. Was passiert in der Narbe?\u00a0<\/span><\/h3>\n<p class=\"a______ tm5 tm6\"><span class=\"tm8\">Silikonplatten &#8222;Mepiform&#8220; <\/span><span class=\"tm7\">werden f\u00fcr kleine Narben nach Verletzungen, Operationen, Absch\u00fcrfungen und Schnitten verwendet. Die Silikonplatte wird auf die Narbe geklebt und<\/span><span class=\"tm7\"> schafft ein gewisses Mikromilieu im Narbenbereich. Diese Mikroumgebung sorgt f\u00fcr eine gute Feuchtigkeit und Durchblutung f\u00fcr eine schnelle Zellteilung und Kollagensynthese. Als Ergebnis der Anwendung von Mepiform Silikonnarbenpflaster entsteht eine elastische normotrophe Narbe.<\/span><\/p>\n<p class=\"a______ tm5 tm6\"><span class=\"tm7\">Ganz anders sieht es <\/span><span class=\"tm8\">bei der <a href=\"http:\/\/scarshelper.com\/de\/keloids-and-hypertrophic-scars-treatment-and-correction\/\">Behandlung von <span class=\"tm7\">hypertrophen Narben und Keloiden<\/span><\/a><\/span><span class=\"tm7\">&#8230;<\/span><\/p>\n<p>[\/vc_column_text][vc_column_text el_id=&#8220;was-passiert-in-keloid-und-hypertrophen-narbe_url&#8220;]<\/p>\n<h3 class=\"a______ tm5 tm6\" style=\"text-align: center;\"><span class=\"tm7\">Was passiert in einem Keloid und in einer hypertrophen Narbe?\u00a0<\/span><\/h3>\n<p class=\"a______ tm5 tm6\"><span class=\"tm7\">D\u00fcnne Silikonplatten sind nicht zur Behandlung und Vorbeugung von hypertrophen Narben und Keloidnarben geeignet! Es liegt daran, dass bei pathologischen Narben andere Prozesse ablaufen als bei atrophen und normotrophen Narben. Bei Keloiden hingegen kommt es zu einer verst\u00e4rkten Zellteilung und einer unkontrolliert gesteigerten Kollagensynthese. Au\u00dferdem sind\u00a0\u00d6deme vorhanden (die Narbe ist mit Feuchtigkeit ges\u00e4ttigt). Der Sauerstoff wird der wachsenden Keloidnarbe durch die Blutgef\u00e4\u00dfe zugef\u00fchrt. Ohne Sauerstoff gibt es keine Kollagensynthese. Um zu wachsen, muss die Narbe mit Sauerstoff versorgt werden. Um mehr Sauerstoff zu bekommen, muss ein mehr ausgedehntes Netzwerk von Blutgef\u00e4\u00dfen vorhanden sein. Um dieses zus\u00e4tzliche Gef\u00e4\u00dfnetzwerk zu verschaffen, setzt die Narbe bestimmte Substanzen frei, die die Bildung neuer Gef\u00e4\u00dfe anregen. Wachsende Keloide und hypertrophe Narben sind rot, weil sie st\u00e4ndig neue Gef\u00e4\u00dfe bilden <strong><em>(<\/em><em>Abb. 4)<\/em><\/strong>.<\/span><\/p>\n<p>[\/vc_column_text][\/vc_column][\/vc_row][vc_row 0=&#8220;&#8220;][vc_column 0=&#8220;&#8220;][vc_single_image image=&#8220;1956&#8243; img_size=&#8220;medium&#8220; alignment=&#8220;center&#8220; title=&#8220;Abb.4. Bildung neuer Gef\u00e4\u00dfe im Keloid. Zahlen zeigen Wachstumszonen des Keloids.&#8220; el_id=&#8220;bildung-neuer-gefasse-in-einem-keloid_url&#8220;][\/vc_column][\/vc_row][vc_row 0=&#8220;&#8220;][vc_column 0=&#8220;&#8220;][vc_column_text 0=&#8220;&#8220;]<\/p>\n<p class=\"a______ tm5 tm6\"><span class=\"tm7\">Stellen Sie sich nun vor was passiert, wenn eine d\u00fcnne Mepiform-Silikonplatte auf die Oberfl\u00e4che eines Keloids bzw. einer hypertrophen Narben geklebt wird? Bestenfalls hilft es nicht! Schlimmstenfalls wird es einen Treibhauseffekt erzeugen, st\u00e4rkere \u00d6deme hervorrufen und die Kollagensynthese weiter steigern.<\/span><\/p>\n<p>[\/vc_column_text][\/vc_column][\/vc_row][vc_row 0=&#8220;&#8220;][vc_column 0=&#8220;&#8220;][vc_column_text el_id=&#8220;welche-silikonplatten-eignen-sich-fur-keloide-und-hypertrophe-narben_url&#8220;]<\/p>\n<h3 class=\"a______ tm5 tm6\" style=\"text-align: center;\"><span class=\"tm7\">Welche Silikonplatten eignen sich f\u00fcr Keloide und hypertrophe Narben?\u00a0<\/span><\/h3>\n<p class=\"a______ tm5 tm6\"><span class=\"tm7\">Die Aufgabe besteht darin, die die Narbe versorgenden Gef\u00e4\u00dfe f\u00fcr lange Zeit zu komprimieren. Auf diese Weise kann die Sauerstoffzufuhr zum Keloid blockiert werden. Wenn die Blutgef\u00e4\u00dfe komprimiert werden, tritt eine lokale Isch\u00e4mie oder Sauerstoffmangel auf. Wird die Sauerstoffversorgung der Narbe stark reduziert oder ganz eingestellt, nimmt auch die Kollagensynthese ab<em><strong> (Abb. 5-6)<\/strong><\/em>.<\/span><\/p>\n<p>[\/vc_column_text][vc_row_inner 0=&#8220;&#8220;][vc_column_inner width=&#8220;1\/2&#8243;][vc_single_image image=&#8220;1960&#8243; img_size=&#8220;medium&#8220; alignment=&#8220;center&#8220; title=&#8220;Abb.5. Keloidnarbe vor der Anwendung der Silikonplatte&#8220; el_id=&#8220;keloidnarbe-vor-der-anwendung-der-silikonplatte_url&#8220;][\/vc_column_inner][vc_column_inner width=&#8220;1\/2&#8243;][vc_single_image image=&#8220;1961&#8243; img_size=&#8220;medium&#8220; alignment=&#8220;center&#8220; title=&#8220;Abb.6. Kompression von Blutgef\u00e4\u00dfen in einer Keloidnarbe durch eine Silikonplatte&#8220; el_id=&#8220;kompression-von-blutgefa\u00dfen-in-einer-keloidnarbe-durch-eine-silikonplatte_url &#8222;][\/vc_column_inner][\/vc_row_inner][vc_column_text el_id=&#8220;scar-fx-und-cica-care-fur-keloide-und-hypertrophe-narben_url &#8222;]<\/p>\n<p class=\"a______ tm5 tm6\"><span class=\"tm7\">F\u00fcr die Behandlung von Keloiden und hypertrophen Narben sollten dicke, schwere Silikonpflaster mit einer gut haftenden R\u00fcckseite verwendet werden. Nur ein solches Silikonpflaster liegt eng an der Haut an und \u00fcbt mit seiner Masse Druck auf einen Keloid oder eine hypertrophe Narbe aus. Die g\u00e4ngigsten Marken solcher Silikonpflaster sind: \u201eScar Fx&#8220; und \u201eCica-Care&#8220;. Die Dicke dieser Silikonpflaster betr\u00e4gt 2 mm. Der Hauptbestandteil von Silikonbeschichtungen ist Polyorganosiloxan.<\/span><\/p>\n<p class=\"a______ tm5 tm6\"><span class=\"tm7\">Aufgrund der anhaltenden Isch\u00e4mie verlangsamen die Zellen allm\u00e4hlich ihre Teilung, die Kollagensynthese nimmt ab, die Narbe wird blasser, nimmt an Gr\u00f6\u00dfe ab und wird elastischer <strong><em>(Abb. 7)<\/em><\/strong>.<\/span><\/p>\n<p>[\/vc_column_text][vc_single_image image=&#8220;1963&#8243; img_size=&#8220;820&#215;300&#8243; alignment=&#8220;center&#8220; title=&#8220;Abb.7. Behandlung einer hypertrophen Narbe mit einem Silikonpflaster (Vorher- Nachher-Foto) &#8220; el_id=&#8220;behandlung-einer-hypertrophen-narbe-mit-einem-silikonpflaster_url&#8220;][vc_column_text 0=&#8220;&#8220;]<strong>SEHR WICHTIG IST! <\/strong><span class=\"tm8\">Wenn das Keloid zu gro\u00df ist und deutlich \u00fcber die Hautoberfl\u00e4che hinausragt, haftet die Silikonplatte nicht fest an der Haut, so dass kein Gef\u00e4\u00dfkompressionseffekt eintritt.\u00a0 <\/span><span class=\"tm8\">Kein Ergebnis bedeutet nichts als reine Geldverschwendung! Es ist notwendig, zuerst die Narbe <\/span><span class=\"tm9\">&#8222;hinsetzen&#8220;<\/span><span class=\"tm8\"> und erst dann die Silikonplatten anzusetzen <strong><em>(Abb. 8-12)<\/em><\/strong>. <\/span>[\/vc_column_text][vc_single_image image=&#8220;1965&#8243; img_size=&#8220;medium&#8220; alignment=&#8220;center&#8220; onclick=&#8220;img_link_large&#8220; img_link_target=&#8220;_blank&#8220; title=&#8220;Abb.8. Keloidnarben vor der Behandlung&#8220; el_id=&#8220;keloids-vor-der-behandlung_url&#8220;][vc_row_inner 0=&#8220;&#8220;][vc_column_inner width=&#8220;1\/4&#8243;][vc_single_image image=&#8220;1968&#8243; img_size=&#8220;medium&#8220; alignment=&#8220;center&#8220; onclick=&#8220;img_link_large&#8220; img_link_target=&#8220;_blank&#8220; title=&#8220;Abb.9. Zerst\u00f6rung der Struktur von Keloiden&#8220; el_id=&#8220; zerstorung-der-struktur-von-keloiden_url&#8220;][\/vc_column_inner][vc_column_inner width=&#8220;1\/4&#8243;][vc_single_image image=&#8220;1969&#8243; img_size=&#8220;medium&#8220; alignment=&#8220;center&#8220; onclick=&#8220;img_link_large&#8220; img_link_target=&#8220;_blank&#8220; title=&#8220;Abb.10. Anwendung der Silikonplatte&#8220; el_id=&#8220;beginn-der-anwendung-der-silikonplatte_url&#8220;][\/vc_column_inner][vc_column_inner width=&#8220;1\/4&#8243;][vc_single_image image=&#8220;1970&#8243; img_size=&#8220;medium&#8220; alignment=&#8220;center&#8220; onclick=&#8220;img_link_large&#8220; img_link_target=&#8220;_blank&#8220; title=&#8220;Abb.11. Beseitigung des Erythems (R\u00f6tung)&#8220; el_id=&#8220;beseitigung-des-erythems_url&#8220;][\/vc_column_inner][vc_column_inner width=&#8220;1\/4&#8243;][vc_single_image image=&#8220;1971&#8243; img_size=&#8220;medium&#8220; alignment=&#8220;center&#8220; onclick=&#8220;img_link_large&#8220; img_link_target=&#8220;_blank&#8220; title=&#8220;Abb.12. Nach Abschluss der Behandlung&#8220; el_id=&#8220;keloid-nach-behandlung_url&#8220;][\/vc_column_inner][\/vc_row_inner][vc_column_text el_id=&#8220;wirkmechanismus-von-silikonplatten_url&#8220;]<\/p>\n<p class=\"a______ tm5 tm6\"><span class=\"tm7\">Ein weiterer wichtiger Punkt bei der Wirkung von Silikonplatten auf eine Keloidnarbe ist die Schaffung einer mechanischen Barriere. Ohne der Silikonplatte h\u00e4lt nichts die Zellen zur\u00fcck, sie bewegen sich frei, teilen sich und wachsen nach oben. Eine andere Sache ist es, wenn ein Silikonpflaster auf die Narbe dr\u00fcckt. Die Zellen in der Narbe werden in ihrer Bewegung eingeschr\u00e4nkt, sie k\u00f6nnen sich nirgendwo teilen und wachsen, weil eine Silikonplatte sie von oben dr\u00fcckt .<\/span><\/p>\n<p class=\"a______ tm5 tm6\"><span class=\"tm7\">Die Wirkung eines Silikonpflasters auf eine hypertrophe Narbe und ein Keloid l\u00e4sst sich also auf zwei Hauptpunkte reduzieren: <\/span><\/p>\n<p class=\"a______ tm5 tm6\"><span class=\"tm7\">1. Druck auf die die Narbe versorgenden Gef\u00e4\u00dfe und die Entstehung lokaler Isch\u00e4mie. Best\u00e4tigung daf\u00fcr ist eine blasse Narbe, wenn Sie die Platte entfernen.<\/span><\/p>\n<p class=\"a______ tm5 tm8\"><span class=\"tm7\">2. Ein mechanisches Hindernis f\u00fcr die Zellteilung &#8211; Fibroblasten (sie synthetisieren Kollagen &#8211; das Substrat der Narbe).<\/span><\/p>\n<p class=\"a______\">[\/vc_column_text][\/vc_column][\/vc_row][vc_row 0=&#8220;&#8220;][vc_column 0=&#8220;&#8220;][vc_column_text 0=&#8220;&#8220;]<\/p>\n<h3 class=\"a______ tm5 tm6\" style=\"text-align: center;\"><span class=\"tm7\">Schlussfolgerungen:\u00a0<\/span><\/h3>\n<p class=\"a______ tm5 tm6\"><span class=\"tm8\">Silikonplatten &#8222;Mepiform&#8220; (Mepiform) k\u00f6nnen an atrophen und normotrophen Narben nach Schnitten, Verletzungen, Operationen w\u00e4hrend ihrer Reifung unmittelbar nach dem Wundverschluss angesetzt werden. Anwendungszweck: Bildung einer elastischen normotrophen Narbe, Beseitigung der vaskul\u00e4ren Komponente (R\u00f6tung) in der Narbe. Bei einem Keloid darf nicht angewendet werden! Es wird kein Ergebnis gezeigt!<\/span><\/p>\n<p class=\"a______ tm5 tm6\"><span class=\"tm8\">Silikonplatten &#8222;Scar Fx&#8220; (Scar Fix) und &#8222;Cica Care&#8220; (Sika Kea) sind zur Vorbeugung (wenn der Patient bereits pathologische Narben hatte) und zur kombinierten Behandlung von hypertrophen Narben und Keloiden bestimmt. Indikationen: Verbrennungen und postoperative Narben nach Hauttransplantation, Narben nach Mammoplastik, Narben nach Kaiserschnitt.<\/span><\/p>\n<p>[\/vc_column_text][\/vc_column][\/vc_row][vc_row 0=&#8220;&#8220;][vc_column 0=&#8220;&#8220;][vc_column_text el_id=&#8220;wie-wirkt-silikongel-bei-narben_url&#8220;]<\/p>\n<h3 class=\"a______ tm5 tm6\" style=\"text-align: center;\"><span class=\"tm7\">Wie wirkt Silikongel bei Narben?\u00a0<\/span><\/h3>\n<p class=\"a______ tm5 tm6\"><span class=\"tm8\">Trotz aller Vielfalt an Silikongelen <strong><em>(Abb. 13)<\/em><\/strong> ist der Wirkmechanismus identisch und der Unterschied besteht nur im Preis. Das Silikongel ist in seiner Wirkung dem Mepiform Silikonpflaster \u00e4hnlich, nur unterliegt in der Wirksamkeit dem letzen wesentlich. Silikongel wird zur Lokalisierung von Narben im Gesicht, Gelenken, auf beweglichen Hautpartien verwendet, wo die Silikonplatte nicht befestigt werden kann.<\/span><\/p>\n<p>[\/vc_column_text][\/vc_column][\/vc_row][vc_row 0=&#8220;&#8220;][vc_column 0=&#8220;&#8220;][vc_column_text 0=&#8220;&#8220;]<\/p>\n<h4 class=\"a______ tm5 tm6\" style=\"text-align: center;\"><span class=\"tm7\">Abb.13. Vielfalt der Silikongelen<\/span><\/h4>\n<p>[\/vc_column_text][\/vc_column][\/vc_row][vc_row 0=&#8220;&#8220;][vc_column width=&#8220;1\/4&#8243;][vc_single_image image=&#8220;1977&#8243; img_size=&#8220;medium&#8220; alignment=&#8220;center&#8220; onclick=&#8220;img_link_large&#8220; img_link_target=&#8220;_blank&#8220; title=&#8220;Cicamed scar&#8220; el_id=&#8220;cicamed-scar-silicone-gel_url&#8220;][\/vc_column][vc_column width=&#8220;1\/4&#8243;][vc_single_image image=&#8220;1978&#8243; img_size=&#8220;medium&#8220; onclick=&#8220;img_link_large&#8220; img_link_target=&#8220;_blank&#8220; title=&#8220;Kelo-cote&#8220; el_id=&#8220;kelo-cote_url&#8220;][\/vc_column][vc_column width=&#8220;1\/4&#8243;][vc_single_image image=&#8220;1979&#8243; img_size=&#8220;medium&#8220; alignment=&#8220;center&#8220; onclick=&#8220;img_link_large&#8220; img_link_target=&#8220;_blank&#8220; title=&#8220;Reme-scar&#8220; el_id=&#8220;reme-scar_url&#8220;][\/vc_column][vc_column width=&#8220;1\/4&#8243;][vc_single_image image=&#8220;1981&#8243; img_size=&#8220;medium&#8220; alignment=&#8220;center&#8220; onclick=&#8220;img_link_large&#8220; img_link_target=&#8220;_blank&#8220; title=&#8220;MedGel (Silimed)&#8220;][vc_single_image image=&#8220;1982&#8243; img_size=&#8220;medium&#8220; alignment=&#8220;center&#8220; onclick=&#8220;img_link_large&#8220; img_link_target=&#8220;_blank&#8220; title=&#8220;Dermatix&#8220;][\/vc_column][\/vc_row][vc_row 0=&#8220;&#8220;][vc_column 0=&#8220;&#8220;][vc_column_text el_id=&#8220;silikongel-fur-narben_url&#8220;]<\/p>\n<p class=\"a______ tm5 tm6\"><span class=\"tm7\">Von allen Silikongelen kann man wohl Scarguard\u00a0 als das wirksamste herausheben <strong><em>(Abb. 14)<\/em><\/strong>. Neben Polyorganosiloxan enth\u00e4lt die Zusammensetzung von Scarguard das Hormon Hydrocortison und Vitamin E. Hydrocortison beseitigt die entz\u00fcndliche Komponente und Schwellungen, und Vitamin E regeneriert Gewebe. Dies alles verla\u00fcft unter einem Silikonfilm, den das Gel auf der Hautoberfl\u00e4che bildet.<\/span><\/p>\n<p>[\/vc_column_text][vc_single_image image=&#8220;1984&#8243; img_size=&#8220;medium&#8220; alignment=&#8220;center&#8220; onclick=&#8220;img_link_large&#8220; img_link_target=&#8220;_blank&#8220; title=&#8220;Abb.14. Silikongel Scarguard&#8220; el_id=&#8220;silicone-gel-scarguard_url&#8220;][\/vc_column][\/vc_row][vc_row 0=&#8220;&#8220;][vc_column 0=&#8220;&#8220;][vc_column_text 0=&#8220;&#8220;]<\/p>\n<p class=\"a______ tm5 tm6\"><span class=\"tm8\">SEHR WICHTIG!<\/span><span class=\"tm7\"> Kein Silikongel kann helfen, Keloidnarben zu behandeln! Alle Silikongele sind zur Behandlung frischer Narben w\u00e4hrend ihrer Reifung sowie zur Vorbeugung und Behandlung von HYPERTROPHEN NARBEN, aber NICHT KELOIDEN(!) bestimmt <em><strong>(Abb. 15)<\/strong><\/em>.<\/span><\/p>\n<p>[\/vc_column_text][vc_single_image image=&#8220;1986&#8243; img_size=&#8220;600&#215;222&#8243; alignment=&#8220;center&#8220; onclick=&#8220;img_link_large&#8220; img_link_target=&#8220;_blank&#8220; title=&#8220;Abb.15. Behandlung einer hypertrophen Narbe mit Silikongel (vorher und nachher)&#8220; el_id=&#8220;treatment-hypertrophic-scar-with-silicone-gel_url&#8220;][vc_column_text 0=&#8220;&#8220;]<\/p>\n<h3 class=\"a______ tm5 tm6\" style=\"text-align: center;\"><span class=\"tm7\">Schlussfolgerungen:<\/span><\/h3>\n<ol>\n<li class=\"a______ tm5 tm6\"><span class=\"tm8\">Silikongele k\u00f6nnen bei kleinen frischen atrophen, normotrophen und hypertrophen Narben in einem fr\u00fchen Stadium ihrer Reifung (in den ersten 3-4 Monaten) verwendet werden.<\/span><\/li>\n<li class=\"a______ tm5 tm6\"><span class=\"tm8\">Silikongele werden auf Beuge- und Streckseiten im Bereich der Gelenke eingesetzt.<\/span><\/li>\n<li class=\"a______ tm5 tm6\"><span class=\"tm8\">Silikongele haben keine Wirkung auf Keloide.<\/span><\/li>\n<\/ol>\n<p>[\/vc_column_text][vc_column_text 0=&#8220;&#8220;]<\/p>\n<h3 class=\"a______ tm5 tm6\" style=\"text-align: center;\"><span class=\"tm7\">Ist es sinnvoll, bei alten Narben Silikonplatten oder Silikongel zu verwenden?<\/span><\/h3>\n<p class=\"a______ tm5 tm8\"><span class=\"tm9\">Aus dem oben dargestellten Wirkungsmechanismus ergibt sich eine logische Schlussfolgerung: Weder Silikonpflaster noch Silikongele k\u00f6nnen die Struktur einer bereits ausgereiften Narbe weder ver\u00e4ndern noch zerst\u00f6ren. Sie k\u00f6nnen diese aufgrund des Treibhauseffekts nur geringf\u00fcgig aufweichen, und auch dann nur f\u00fcr die Dauer der anwendung der Silikonplatte. Was auch immer die Hersteller dieser Produkte behaupten,<\/span><\/p>\n<p class=\"a______ tm5 tm6\" style=\"text-align: center;\"><strong><span class=\"tm11\">ANWENDUNG DER SILIKONPLATTEN ODER SILIKONGELE F\u00dcR ALTE NARBEN IST NUTZLOS!<\/span><\/strong><\/p>\n<p>[\/vc_column_text][\/vc_column][\/vc_row]<\/p>\n<\/div>","protected":false},"excerpt":{"rendered":"<p>[vc_row][vc_column 0=&#8220;&#8220;][vc_column_text] Was muss ich vor dem Erwerb einer Silikonplatte bzw. eines Silikongels f\u00fcr Narbenbehandlung wissen\u00a0 Silikonpflaster f\u00fcr Narben sowie Silikongel sind ziemlich teuer. Den einen helfen sie, den anderen nicht. Was m\u00fcssen Sie vor dem Kauf eines Silikonpflasters bzw. eines Narbengels wissen? In welchen F\u00e4llen kann der Kauf eines Gels oder Pflasters nur zur Geldverschwendung f\u00fchren? Um das richtige Silikonpflaster oder -gel auszuw\u00e4hlen, m\u00fcssen Sie verstehen, wie es auf Narben wirkt. Dies wird hier weiter unten besprochen&#8230; Die Hauptmarken von Silikonplatten, die in diesem Marktsegment pr\u00e4sentiert werden, sind \u201eMepiform&#8220; (Abb. 1), \u201eCica Care&#8220; (Abb. 2), \u201eScar Fx&#8220; (Abb. 3).<span class=\"excerpt-hellip\"> [\u2026]<\/span><\/p>\n","protected":false},"author":1,"featured_media":0,"parent":0,"menu_order":0,"comment_status":"closed","ping_status":"closed","template":"","meta":{"footnotes":""},"class_list":["post-3241","page","type-page","status-publish","hentry"],"_links":{"self":[{"href":"https:\/\/scarshelper.com\/de\/wp-json\/wp\/v2\/pages\/3241","targetHints":{"allow":["GET"]}}],"collection":[{"href":"https:\/\/scarshelper.com\/de\/wp-json\/wp\/v2\/pages"}],"about":[{"href":"https:\/\/scarshelper.com\/de\/wp-json\/wp\/v2\/types\/page"}],"author":[{"embeddable":true,"href":"https:\/\/scarshelper.com\/de\/wp-json\/wp\/v2\/users\/1"}],"replies":[{"embeddable":true,"href":"https:\/\/scarshelper.com\/de\/wp-json\/wp\/v2\/comments?post=3241"}],"version-history":[{"count":0,"href":"https:\/\/scarshelper.com\/de\/wp-json\/wp\/v2\/pages\/3241\/revisions"}],"wp:attachment":[{"href":"https:\/\/scarshelper.com\/de\/wp-json\/wp\/v2\/media?parent=3241"}],"curies":[{"name":"wp","href":"https:\/\/api.w.org\/{rel}","templated":true}]}}